{"id":358,"date":"2017-05-23T16:25:39","date_gmt":"2017-05-23T16:25:39","guid":{"rendered":"https:\/\/lejourj-evenements.com\/particulier\/?page_id=358"},"modified":"2017-08-10T11:23:03","modified_gmt":"2017-08-10T11:23:03","slug":"mieux-me-connaitre","status":"publish","type":"page","link":"https:\/\/lejourj-evenements.com\/particulier\/mieux-me-connaitre\/","title":{"rendered":"Mieux me conna\u00eetre"},"content":{"rendered":"<p><div class=\"fusion-fullwidth fullwidth-box fusion-builder-row-1 nonhundred-percent-fullwidth non-hundred-percent-height-scrolling\" style=\"background-color: #816f68;background-position: left top;background-repeat: no-repeat;padding-top:20px;padding-right:0px;padding-bottom:0px;padding-left:0px;margin-bottom: 0px;margin-top: 0px;border-width: 0px 0px 0px 0px;border-color:#eae9e9;border-style:solid;\" id=\"invite\" ><div class=\"fusion-builder-row fusion-row\"><div class=\"fusion-layout-column fusion_builder_column fusion-builder-column-0 fusion_builder_column_1_1 1_1 fusion-one-full fusion-column-first fusion-column-last fusion-column-no-min-height\" style=\"margin-top:0px;margin-bottom:0px;\"><div class=\"fusion-column-wrapper fusion-flex-column-wrapper-legacy\" style=\"background-position:left top;background-repeat:no-repeat;-webkit-background-size:cover;-moz-background-size:cover;-o-background-size:cover;background-size:cover;padding: 0px 0px 0px 0px;\"><div class=\"fusion-sep-clear\"><\/div><div class=\"fusion-separator fusion-full-width-sep\" style=\"margin-left: auto;margin-right: auto;margin-top:40px;width:100%;\"><\/div><div class=\"fusion-sep-clear\"><\/div><style type=\"text\/css\"><\/style><div class=\"fusion-title title fusion-title-1 fusion-title-center fusion-title-text fusion-title-size-one\" style=\"margin-top:0px;margin-bottom:25px;\"><div class=\"title-sep-container title-sep-container-left\"><div class=\"title-sep sep-single sep-dashed\" style=\"border-color:#ffffff;\"><\/div><\/div><h1 class=\"title-heading-center\" style=\"margin:0;\"><span style=\"color: #ffffff;\">Julie &#8211; votre cr\u00e9atrice d\u2019\u00e9v\u00e8nements sur mesure<\/span><\/h1><div class=\"title-sep-container title-sep-container-right\"><div class=\"title-sep sep-single sep-dashed\" style=\"border-color:#ffffff;\"><\/div><\/div><\/div><div class=\"fusion-sep-clear\"><\/div><div class=\"fusion-separator fusion-full-width-sep\" style=\"margin-left: auto;margin-right: auto;margin-top:40px;width:100%;\"><\/div><div class=\"fusion-sep-clear\"><\/div><div class=\"fusion-section-separator section-separator triangle fusion-section-separator-1\"><div class=\"fusion-section-separator-svg\" style=\"border-bottom:1px solid #816f68;margin-left: 0px;margin-right: 0px;\"><div class=\"divider-candy-arrow bottom\" style=\"top:0px;border-top-color: #816f68;\"><\/div><div class=\"divider-candy bottom\" style=\"bottom:-21px;border-bottom:1px solid #816f68;border-left:1px solid #816f68;\"><\/div><\/div><div class=\"fusion-section-separator-spacer\"><div class=\"fusion-section-separator-spacer-height\" style=\"height:1px;\"><\/div><\/div><\/div><div class=\"fusion-clearfix\"><\/div><\/div><\/div><\/div><\/div><div class=\"fusion-fullwidth fullwidth-box fusion-builder-row-2 nonhundred-percent-fullwidth non-hundred-percent-height-scrolling\" style=\"background-color: rgba(255,255,255,0);background-position: center center;background-repeat: no-repeat;padding-top:0px;padding-right:0px;padding-bottom:0px;padding-left:0px;margin-bottom: 0px;margin-top: 0px;border-width: 0px 0px 0px 0px;border-color:#eae9e9;border-style:solid;\" ><div class=\"fusion-builder-row fusion-row\"><div class=\"fusion-layout-column fusion_builder_column fusion-builder-column-1 fusion_builder_column_1_1 1_1 fusion-one-full fusion-column-first fusion-column-last\" style=\"margin-top:0px;margin-bottom:0px;\"><div class=\"fusion-column-wrapper fusion-flex-column-wrapper-legacy\" style=\"background-position:left top;background-repeat:no-repeat;-webkit-background-size:cover;-moz-background-size:cover;-o-background-size:cover;background-size:cover;padding: 0px 0px 0px 0px;\"><div class=\"fusion-sep-clear\"><\/div><div class=\"fusion-separator fusion-full-width-sep\" style=\"margin-left: auto;margin-right: auto;margin-top:70px;width:100%;\"><\/div><div class=\"fusion-sep-clear\"><\/div><div class=\"fusion-text fusion-text-1\" style=\"transform:translate3d(0,0,0);\"><p>Jour J, comme Julie \u2013 votre organisatrice &amp; coordinatrice d\u2019\u00e9v\u00e8nements<img decoding=\"async\" class=\" wp-image-362 alignright\" src=\"https:\/\/lejourj-evenements.com\/particulier\/wp-content\/uploads\/2017\/05\/IMG_8795.jpg\" alt=\"\" width=\"431\" height=\"287\" srcset=\"https:\/\/lejourj-evenements.com\/particulier\/wp-content\/uploads\/2017\/05\/IMG_8795-200x133.jpg 200w, https:\/\/lejourj-evenements.com\/particulier\/wp-content\/uploads\/2017\/05\/IMG_8795-300x200.jpg 300w, https:\/\/lejourj-evenements.com\/particulier\/wp-content\/uploads\/2017\/05\/IMG_8795-400x267.jpg 400w, https:\/\/lejourj-evenements.com\/particulier\/wp-content\/uploads\/2017\/05\/IMG_8795-600x400.jpg 600w, https:\/\/lejourj-evenements.com\/particulier\/wp-content\/uploads\/2017\/05\/IMG_8795-768x512.jpg 768w, https:\/\/lejourj-evenements.com\/particulier\/wp-content\/uploads\/2017\/05\/IMG_8795-800x533.jpg 800w, https:\/\/lejourj-evenements.com\/particulier\/wp-content\/uploads\/2017\/05\/IMG_8795-1024x683.jpg 1024w, https:\/\/lejourj-evenements.com\/particulier\/wp-content\/uploads\/2017\/05\/IMG_8795-1200x800.jpg 1200w, https:\/\/lejourj-evenements.com\/particulier\/wp-content\/uploads\/2017\/05\/IMG_8795.jpg 4919w\" sizes=\"(max-width: 431px) 100vw, 431px\" \/><\/p>\n<p>D\u2019une passion est n\u00e9e une id\u00e9e, et de cette id\u00e9e est n\u00e9e Le Jour J Ev\u00e8nements<\/p>\n<p>Faisons connaissance\u2026<\/p>\n<p>Je me pr\u00e9sente, Julie Schmitt, 36 ans, mari\u00e9e et heureuse maman d\u2019un petit gar\u00e7on.<\/p>\n<p>Solidement attach\u00e9e \u00e0 l\u2019Alsace, ma r\u00e9gion natale, j\u2019habite toujours le tout petit village de mon enfance que j\u2019affectionne tout particuli\u00e8rement.<\/p>\n<p>Je suis une vraie bonne vivante, grande fan de cuisine et de bons vins, m\u00eame si je suis aussi accro au Coca Light\u00a0!<\/p>\n<p>En vraie fille, j\u2019adore danser (surtout la Salsa\u00a0!), et les soir\u00e9es entre copines\u00a0!<\/p>\n<p>Mais parlons un peu boulot\u2026<\/p>\n<p>Issue d\u2019une premi\u00e8re carri\u00e8re dans le tourisme, je tombe litt\u00e9ralement amoureuse des m\u00e9tiers de l\u2019\u00e9v\u00e8nementiel lors de l\u2019organisation de mon mariage en 2006. D\u00e8s lors, je me prends de passion pour ce monde si particulier et c\u2019est tout naturellement que je me mets au service de mes proches pour l\u2019organisation et la coordination de leurs \u00e9v\u00e8nements. Petit \u00e0 petit, au fil des ann\u00e9es et des \u00e9v\u00e8nements que j\u2019organise durant mon temps libre (mariages, anniversaires, bapt\u00eames, enterrements de vie de jeunes filles), je me cr\u00e9\u00e9e un r\u00e9seau de professionnels fiables et reconnus dans leur domaine.<\/p>\n<p>En 2013, j\u2019int\u00e8gre le service commercial de FTI Touristik, un grand Tour op\u00e9rateur pr\u00e9sent dans le monde entier et prends la responsabilit\u00e9 du p\u00f4le \u00e9v\u00e8nementiel de l\u2019entreprise pour la Suisse.\u00a0 J\u2019organise et coordonne alors un grand nombre d\u2019\u00e9v\u00e8nements \u00ab\u00a0corporate\u00a0\u00bb tels que des pr\u00e9sentations de produits,\u00a0 des soir\u00e9es d\u2019entreprises et des voyages professionnels dans le monde entier. Je laisse pleinement s\u2019exprimer ma cr\u00e9ativit\u00e9 en organisant des soir\u00e9es dans des lieux toujours plus atypiques, toujours plus fous, toujours uniques et exclusifs. Mon leitmotiv\u00a0: ne jamais faire deux fois la m\u00eame chose\u00a0!<\/p>\n<p>En 2017, je r\u00e9alise mon r\u00eave professionnel en cr\u00e9ant ma soci\u00e9t\u00e9, le Jour J.<\/p>\n<p>Un seul mot d\u2019ordre\u00a0; \u00eatre \u00e0 votre \u00e9coute, afin de cr\u00e9er ensemble un \u00e9v\u00e8nement unique, qui ne ressemble \u00e0 aucun autre, \u00e0 votre image.<\/p>\n<p>Je serai votre alli\u00e9e lors de l\u2019organisation de votre grand jour. Ensemble, nous donnerons vie \u00e0 toutes\u00a0 vos envies\u00a0: des plus simples aux plus folles. Je vous accompagnerai de la premi\u00e8re \u00e9bauche jusqu\u2019au jour j, en passant par toutes les \u00e9tapes de l\u2019organisation. Je serai l\u00e0 pour vous guider, vous conseiller, vous rassurer parfois\u00a0; mais surtout pour faire en sorte que vous puissiez profiter de votre grand jour en toute s\u00e9r\u00e9nit\u00e9.<\/p>\n<p>Le tout avec une bonne dose de bonne humeur et en toute convivialit\u00e9.<\/p>\n<p>.<\/p>\n<\/div><div class=\"fusion-clearfix\"><\/div><\/div><\/div><div class=\"fusion-layout-column fusion_builder_column fusion-builder-column-2 fusion_builder_column_1_1 1_1 fusion-one-full fusion-column-first fusion-column-last\" style=\"margin-top:0px;margin-bottom:0px;\"><div class=\"fusion-column-wrapper fusion-flex-column-wrapper-legacy\" style=\"background-position:left top;background-repeat:no-repeat;-webkit-background-size:cover;-moz-background-size:cover;-o-background-size:cover;background-size:cover;padding: 0px 0px 0px 0px;\"><div class=\"fusion-sep-clear\"><\/div><div class=\"fusion-separator fusion-full-width-sep\" style=\"margin-left: auto;margin-right: auto;margin-top:50px;width:100%;\"><\/div><div class=\"fusion-sep-clear\"><\/div><div class=\"fusion-clearfix\"><\/div><\/div><\/div><\/div><\/div><div class=\"fusion-fullwidth fullwidth-box fusion-builder-row-3 fusion-parallax-none nonhundred-percent-fullwidth non-hundred-percent-height-scrolling\" style=\"background-color: rgba(255,255,255,0);background-image: url(&quot;https:\/\/lejourj-evenements.com\/particulier\/wp-content\/uploads\/2016\/05\/Parallax_image_01-1.jpg&quot;);background-position: center center;background-repeat: no-repeat;padding-top:110px;padding-right:0px;padding-bottom:110px;padding-left:0px;margin-bottom: 0px;margin-top: 0px;border-width: 0px 0px 0px 0px;border-color:#eae9e9;border-style:solid;-webkit-background-size:cover;-moz-background-size:cover;-o-background-size:cover;background-size:cover;\" ><div class=\"fusion-builder-row fusion-row\"><div class=\"fusion-layout-column fusion_builder_column fusion-builder-column-3 fusion_builder_column_1_6 1_6 fusion-one-sixth fusion-column-first\" style=\"width:16.666666666667%;width:calc(16.666666666667% - ( ( 4% + 4% ) * 0.16666666666667 ) );margin-right: 4%;margin-top:0px;margin-bottom:0px;\"><div class=\"fusion-column-wrapper fusion-flex-column-wrapper-legacy\" style=\"background-position:left top;background-repeat:no-repeat;-webkit-background-size:cover;-moz-background-size:cover;-o-background-size:cover;background-size:cover;padding: 0px 0px 0px 0px;\"><div class=\"fusion-sep-clear\"><\/div><div class=\"fusion-separator fusion-full-width-sep\" style=\"margin-left: auto;margin-right: auto;margin-top:1px;width:100%;\"><\/div><div class=\"fusion-sep-clear\"><\/div><div class=\"fusion-clearfix\"><\/div><\/div><\/div><div class=\"fusion-layout-column fusion_builder_column fusion-builder-column-4 fusion_builder_column_2_3 2_3 fusion-two-third\" style=\"width:66.666666666667%;width:calc(66.666666666667% - ( ( 4% + 4% ) * 0.66666666666667 ) );margin-right: 4%;margin-top:0px;margin-bottom:0px;\"><div class=\"fusion-column-wrapper fusion-flex-column-wrapper-legacy\" style=\"background-position:left top;background-repeat:no-repeat;-webkit-background-size:cover;-moz-background-size:cover;-o-background-size:cover;background-size:cover;background-color:rgba(255,255,255,0.85);padding: 0px 0px 0px 0px;\"><div class=\"fusion-sep-clear\"><\/div><div class=\"fusion-separator fusion-full-width-sep\" style=\"margin-left: auto;margin-right: auto;margin-top:20px;width:100%;\"><\/div><div class=\"fusion-sep-clear\"><\/div><div class=\"fusion-text fusion-text-2\" style=\"transform:translate3d(0,0,0);\"><h2 style=\"text-align: center;\"><span style=\"color: #333333;\">Contactez-Moi<\/span><\/h2>\n<\/div><div class=\"fusion-sep-clear\"><\/div><div class=\"fusion-separator\" style=\"margin-left: auto;margin-right: auto;margin-top:20px;margin-bottom:30px;width:100%;max-width:126px;\"><div class=\"fusion-separator-border sep-single sep-solid\" style=\"border-color:#816f68;border-top-width:1px;\"><\/div><\/div><div class=\"fusion-sep-clear\"><\/div><div class=\"fusion-sep-clear\"><\/div><div class=\"fusion-separator fusion-full-width-sep\" style=\"margin-left: auto;margin-right: auto;margin-top:30px;width:100%;\"><\/div><div class=\"fusion-sep-clear\"><\/div><div class=\"fusion-text fusion-text-3\" style=\"transform:translate3d(0,0,0);\"><h3 style=\"margin-top: 0px; margin-bottom: 0px; text-align: center;\"><span style=\"color: #000000;\"><strong>Julie Schmitt<\/strong><\/span><\/h3>\n<p style=\"margin-top: 0px; margin-bottom: 0px; text-align: center;\"><span style=\"color: #000000;\">20 rue du Gu\u00e9<\/span><\/p>\n<p style=\"margin-top: 0px; margin-bottom: 0px; text-align: center;\"><span style=\"color: #000000;\">68220 Knoeringue<\/span><\/p>\n<p style=\"text-align: center;\"><span style=\"color: #000000;\"><a style=\"color: #000000;\" href=\"mailto:julie@lejourj-evenements.com\">Mail<\/a><\/span><\/p>\n<div class=\"fusion-li-item-content\">\n<h3 style=\"text-align: center;\"><span style=\"color: #000000;\">06 19 22 76 11<\/span><\/h3>\n<\/div>\n<\/div><div class=\"fusion-clearfix\"><\/div><\/div><\/div><div class=\"fusion-layout-column fusion_builder_column fusion-builder-column-5 fusion_builder_column_1_6 1_6 fusion-one-sixth fusion-column-last\" style=\"width:16.666666666667%;width:calc(16.666666666667% - ( ( 4% + 4% ) * 0.16666666666667 ) );margin-top:0px;margin-bottom:0px;\"><div class=\"fusion-column-wrapper fusion-flex-column-wrapper-legacy\" style=\"background-position:left top;background-repeat:no-repeat;-webkit-background-size:cover;-moz-background-size:cover;-o-background-size:cover;background-size:cover;padding: 0px 0px 0px 0px;\"><div class=\"fusion-sep-clear\"><\/div><div class=\"fusion-separator fusion-full-width-sep\" style=\"margin-left: auto;margin-right: auto;margin-top:20px;width:100%;\"><\/div><div class=\"fusion-sep-clear\"><\/div><div class=\"fusion-clearfix\"><\/div><\/div><\/div><\/div><\/div><\/p>\n","protected":false},"excerpt":{"rendered":"","protected":false},"author":1,"featured_media":0,"parent":0,"menu_order":0,"comment_status":"closed","ping_status":"closed","template":"100-width.php","meta":{"footnotes":""},"class_list":["post-358","page","type-page","status-publish","hentry"],"_links":{"self":[{"href":"https:\/\/lejourj-evenements.com\/particulier\/wp-json\/wp\/v2\/pages\/358","targetHints":{"allow":["GET"]}}],"collection":[{"href":"https:\/\/lejourj-evenements.com\/particulier\/wp-json\/wp\/v2\/pages"}],"about":[{"href":"https:\/\/lejourj-evenements.com\/particulier\/wp-json\/wp\/v2\/types\/page"}],"author":[{"embeddable":true,"href":"https:\/\/lejourj-evenements.com\/particulier\/wp-json\/wp\/v2\/users\/1"}],"replies":[{"embeddable":true,"href":"https:\/\/lejourj-evenements.com\/particulier\/wp-json\/wp\/v2\/comments?post=358"}],"version-history":[{"count":5,"href":"https:\/\/lejourj-evenements.com\/particulier\/wp-json\/wp\/v2\/pages\/358\/revisions"}],"predecessor-version":[{"id":661,"href":"https:\/\/lejourj-evenements.com\/particulier\/wp-json\/wp\/v2\/pages\/358\/revisions\/661"}],"wp:attachment":[{"href":"https:\/\/lejourj-evenements.com\/particulier\/wp-json\/wp\/v2\/media?parent=358"}],"curies":[{"name":"wp","href":"https:\/\/api.w.org\/{rel}","templated":true}]}}