{"id":575,"date":"2017-07-31T13:56:23","date_gmt":"2017-07-31T13:56:23","guid":{"rendered":"https:\/\/lejourj-evenements.com\/professionnels\/?page_id=575"},"modified":"2017-08-11T10:25:33","modified_gmt":"2017-08-11T10:25:33","slug":"seminaires-et-voyages","status":"publish","type":"page","link":"https:\/\/lejourj-evenements.com\/professionnels\/seminaires-et-voyages\/","title":{"rendered":"S\u00e9minaires et voyages"},"content":{"rendered":"<div class=\"fusion-fullwidth fullwidth-box fusion-builder-row-1 nonhundred-percent-fullwidth non-hundred-percent-height-scrolling\" style=\"background-color: rgba(255,255,255,0.74);background-position: left top;background-repeat: no-repeat;padding-top:20px;padding-right:0px;padding-bottom:0px;padding-left:0px;margin-bottom: 0px;margin-top: 0px;border-width: 0px 0px 0px 0px;border-color:#eae9e9;border-style:solid;\" id=\"invite\" ><div class=\"fusion-builder-row fusion-row\"><div class=\"fusion-layout-column fusion_builder_column fusion-builder-column-0 fusion_builder_column_1_1 1_1 fusion-one-full fusion-column-first fusion-column-last\" style=\"margin-top:0px;margin-bottom:0px;\"><div class=\"fusion-column-wrapper fusion-flex-column-wrapper-legacy\" style=\"background-position:left top;background-repeat:no-repeat;-webkit-background-size:cover;-moz-background-size:cover;-o-background-size:cover;background-size:cover;padding: 0px 0px 0px 0px;\"><div class=\"fusion-sep-clear\"><\/div><div class=\"fusion-separator fusion-full-width-sep\" style=\"margin-left: auto;margin-right: auto;margin-top:80px;width:100%;\"><\/div><div class=\"fusion-sep-clear\"><\/div><div class=\"fusion-clearfix\"><\/div><\/div><\/div><div class=\"fusion-layout-column fusion_builder_column fusion-builder-column-1 fusion_builder_column_1_1 1_1 fusion-one-full fusion-column-first fusion-column-last fusion-column-no-min-height\" style=\"margin-top:0px;margin-bottom:0px;\"><div class=\"fusion-column-wrapper fusion-flex-column-wrapper-legacy\" style=\"background-position:left top;background-repeat:no-repeat;-webkit-background-size:cover;-moz-background-size:cover;-o-background-size:cover;background-size:cover;padding: 0px 0px 0px 0px;\"><div class=\"fusion-text fusion-text-1\" style=\"transform:translate3d(0,0,0);\"><p style=\"font-size: 42px; line-height: 60px; text-align: center;\"><span style=\"color: #6d92a8;\">S\u00e9minaires et voyages<\/span><\/p>\n<p>&nbsp;<\/p>\n<p>Choisissez le Jour J Corporate, votre partenaire pour l\u2019organisation de r\u00e9unions internes, journ\u00e9es d\u2019\u00e9tude, s\u00e9minaires et voyages d\u2019entreprise.<\/p>\n<p>Je recherche le lieu et les prestataires adapt\u00e9s \u00e0 vos besoins et \u00e0 votre budget. Donnez-moi votre cahier des charges et je m\u2019occupe de tout.<\/p>\n<p style=\"text-align: right;\"><a href=\"mailto:julie@lejourj-evenements.com\">Contactez-moi pour un devis gratuit<\/a><\/p>\n<\/div><div class=\"fusion-sep-clear\"><\/div><div class=\"fusion-separator fusion-full-width-sep\" style=\"margin-left: auto;margin-right: auto;margin-top:40px;width:100%;\"><\/div><div class=\"fusion-sep-clear\"><\/div><div class=\"fusion-align-block\"><style type=\"text\/css\">.fusion-button.button-1 .fusion-button-text, .fusion-button.button-1 i {color:#ffffff;}.fusion-button.button-1 .fusion-button-icon-divider{border-color:#ffffff;}.fusion-button.button-1:hover .fusion-button-text, .fusion-button.button-1:hover i,.fusion-button.button-1:focus .fusion-button-text, .fusion-button.button-1:focus i,.fusion-button.button-1:active .fusion-button-text, .fusion-button.button-1:active{color:#ffffff;}.fusion-button.button-1:hover .fusion-button-icon-divider, .fusion-button.button-1:hover .fusion-button-icon-divider, .fusion-button.button-1:active .fusion-button-icon-divider{border-color:#ffffff;}.fusion-button.button-1:hover, .fusion-button.button-1:focus, .fusion-button.button-1:active{border-color:#ffffff;}.fusion-button.button-1 {border-color:#ffffff;border-radius:2px;}.fusion-button.button-1{background: #6d92a8;}.fusion-button.button-1:hover,.button-1:focus,.fusion-button.button-1:active{background: #6d92a8;}<\/style><a class=\"fusion-button button-flat fusion-button-default-size button-custom button-1 fusion-button-default-span fusion-button-default-type\" target=\"_self\" href=\"https:\/\/lejourj-evenements.com\/professionnels\/apropos\/\"><span class=\"fusion-button-text\">Mieux me conna\u00eetre<\/span><\/a><\/div><div class=\"fusion-clearfix\"><\/div><\/div><\/div><\/div><\/div>\n","protected":false},"excerpt":{"rendered":"","protected":false},"author":1,"featured_media":0,"parent":0,"menu_order":0,"comment_status":"closed","ping_status":"closed","template":"100-width.php","meta":{"footnotes":""},"class_list":["post-575","page","type-page","status-publish","hentry"],"_links":{"self":[{"href":"https:\/\/lejourj-evenements.com\/professionnels\/wp-json\/wp\/v2\/pages\/575","targetHints":{"allow":["GET"]}}],"collection":[{"href":"https:\/\/lejourj-evenements.com\/professionnels\/wp-json\/wp\/v2\/pages"}],"about":[{"href":"https:\/\/lejourj-evenements.com\/professionnels\/wp-json\/wp\/v2\/types\/page"}],"author":[{"embeddable":true,"href":"https:\/\/lejourj-evenements.com\/professionnels\/wp-json\/wp\/v2\/users\/1"}],"replies":[{"embeddable":true,"href":"https:\/\/lejourj-evenements.com\/professionnels\/wp-json\/wp\/v2\/comments?post=575"}],"version-history":[{"count":4,"href":"https:\/\/lejourj-evenements.com\/professionnels\/wp-json\/wp\/v2\/pages\/575\/revisions"}],"predecessor-version":[{"id":678,"href":"https:\/\/lejourj-evenements.com\/professionnels\/wp-json\/wp\/v2\/pages\/575\/revisions\/678"}],"wp:attachment":[{"href":"https:\/\/lejourj-evenements.com\/professionnels\/wp-json\/wp\/v2\/media?parent=575"}],"curies":[{"name":"wp","href":"https:\/\/api.w.org\/{rel}","templated":true}]}}